{"id":285,"date":"2025-04-21T17:20:43","date_gmt":"2025-04-21T20:20:43","guid":{"rendered":"http:\/\/localhost\/_LYMP_WEB\/thaoskiseguros\/?page_id=285"},"modified":"2025-08-12T17:18:21","modified_gmt":"2025-08-12T20:18:21","slug":"produtos","status":"publish","type":"page","link":"https:\/\/tecnomedical.com.br\/?page_id=285","title":{"rendered":"Produtos"},"content":{"rendered":"","protected":false},"excerpt":{"rendered":"","protected":false},"author":1,"featured_media":0,"parent":0,"menu_order":1,"comment_status":"closed","ping_status":"closed","template":"page_produtos.php","meta":{"_acf_changed":false,"footnotes":""},"class_list":["post-285","page","type-page","status-publish","hentry"],"acf":[],"yoast_head":"<!-- This site is optimized with the Yoast SEO plugin v27.4 - https:\/\/yoast.com\/product\/yoast-seo-wordpress\/ -->\n<title>Produtos | Tecnomedical<\/title>\n<meta name=\"description\" content=\"Produtos das melhores marcas e de alta tecnologia, oferecidos \u00e0 institui\u00e7\u00f5es e profissionais de sa\u00fade. Confira os cat\u00e1logos.\" \/>\n<meta name=\"robots\" content=\"index, follow, max-snippet:-1, max-image-preview:large, max-video-preview:-1\" \/>\n<link rel=\"canonical\" href=\"https:\/\/tecnomedical.com.br\/?page_id=285\" \/>\n<meta property=\"og:locale\" content=\"pt_BR\" \/>\n<meta property=\"og:type\" content=\"article\" \/>\n<meta property=\"og:title\" content=\"Produtos | Tecnomedical\" \/>\n<meta property=\"og:description\" content=\"Produtos das melhores marcas e de alta tecnologia, oferecidos \u00e0 institui\u00e7\u00f5es e profissionais de sa\u00fade. Confira os cat\u00e1logos.\" \/>\n<meta property=\"og:url\" content=\"https:\/\/tecnomedical.com.br\/?page_id=285\" \/>\n<meta property=\"og:site_name\" content=\"Tecnomedical\" \/>\n<meta property=\"article:modified_time\" content=\"2025-08-12T20:18:21+00:00\" \/>\n<meta property=\"og:image\" content=\"https:\/\/tecnomedical.com.br\/wp-content\/uploads\/2025\/08\/tecnomedical_featured-image.png\" \/>\n\t<meta property=\"og:image:width\" content=\"1200\" \/>\n\t<meta property=\"og:image:height\" content=\"630\" \/>\n\t<meta property=\"og:image:type\" content=\"image\/png\" \/>\n<meta name=\"twitter:card\" content=\"summary_large_image\" \/>\n<script type=\"application\/ld+json\" class=\"yoast-schema-graph\">{\"@context\":\"https:\\\/\\\/schema.org\",\"@graph\":[{\"@type\":\"WebPage\",\"@id\":\"https:\\\/\\\/tecnomedical.com.br\\\/?page_id=285\",\"url\":\"https:\\\/\\\/tecnomedical.com.br\\\/?page_id=285\",\"name\":\"Produtos | Tecnomedical\",\"isPartOf\":{\"@id\":\"https:\\\/\\\/tecnomedical.com.br\\\/#website\"},\"datePublished\":\"2025-04-21T20:20:43+00:00\",\"dateModified\":\"2025-08-12T20:18:21+00:00\",\"description\":\"Produtos das melhores marcas e de alta tecnologia, oferecidos \u00e0 institui\u00e7\u00f5es e profissionais de sa\u00fade. Confira os cat\u00e1logos.\",\"breadcrumb\":{\"@id\":\"https:\\\/\\\/tecnomedical.com.br\\\/?page_id=285#breadcrumb\"},\"inLanguage\":\"pt-BR\",\"potentialAction\":[{\"@type\":\"ReadAction\",\"target\":[\"https:\\\/\\\/tecnomedical.com.br\\\/?page_id=285\"]}]},{\"@type\":\"BreadcrumbList\",\"@id\":\"https:\\\/\\\/tecnomedical.com.br\\\/?page_id=285#breadcrumb\",\"itemListElement\":[{\"@type\":\"ListItem\",\"position\":1,\"name\":\"In\u00edcio\",\"item\":\"https:\\\/\\\/tecnomedical.com.br\\\/\"},{\"@type\":\"ListItem\",\"position\":2,\"name\":\"Produtos\"}]},{\"@type\":\"WebSite\",\"@id\":\"https:\\\/\\\/tecnomedical.com.br\\\/#website\",\"url\":\"https:\\\/\\\/tecnomedical.com.br\\\/\",\"name\":\"Tecnomedical\",\"description\":\"\",\"publisher\":{\"@id\":\"https:\\\/\\\/tecnomedical.com.br\\\/#organization\"},\"potentialAction\":[{\"@type\":\"SearchAction\",\"target\":{\"@type\":\"EntryPoint\",\"urlTemplate\":\"https:\\\/\\\/tecnomedical.com.br\\\/?s={search_term_string}\"},\"query-input\":{\"@type\":\"PropertyValueSpecification\",\"valueRequired\":true,\"valueName\":\"search_term_string\"}}],\"inLanguage\":\"pt-BR\"},{\"@type\":\"Organization\",\"@id\":\"https:\\\/\\\/tecnomedical.com.br\\\/#organization\",\"name\":\"Tecnomedical\",\"url\":\"https:\\\/\\\/tecnomedical.com.br\\\/\",\"logo\":{\"@type\":\"ImageObject\",\"inLanguage\":\"pt-BR\",\"@id\":\"https:\\\/\\\/tecnomedical.com.br\\\/#\\\/schema\\\/logo\\\/image\\\/\",\"url\":\"https:\\\/\\\/tecnomedical.com.br\\\/wp-content\\\/uploads\\\/2025\\\/08\\\/tecnomedical_featured-image.png\",\"contentUrl\":\"https:\\\/\\\/tecnomedical.com.br\\\/wp-content\\\/uploads\\\/2025\\\/08\\\/tecnomedical_featured-image.png\",\"width\":1200,\"height\":630,\"caption\":\"Tecnomedical\"},\"image\":{\"@id\":\"https:\\\/\\\/tecnomedical.com.br\\\/#\\\/schema\\\/logo\\\/image\\\/\"}}]}<\/script>\n<!-- \/ Yoast SEO plugin. -->","yoast_head_json":{"title":"Produtos | Tecnomedical","description":"Produtos das melhores marcas e de alta tecnologia, oferecidos \u00e0 institui\u00e7\u00f5es e profissionais de sa\u00fade. Confira os cat\u00e1logos.","robots":{"index":"index","follow":"follow","max-snippet":"max-snippet:-1","max-image-preview":"max-image-preview:large","max-video-preview":"max-video-preview:-1"},"canonical":"https:\/\/tecnomedical.com.br\/?page_id=285","og_locale":"pt_BR","og_type":"article","og_title":"Produtos | Tecnomedical","og_description":"Produtos das melhores marcas e de alta tecnologia, oferecidos \u00e0 institui\u00e7\u00f5es e profissionais de sa\u00fade. Confira os cat\u00e1logos.","og_url":"https:\/\/tecnomedical.com.br\/?page_id=285","og_site_name":"Tecnomedical","article_modified_time":"2025-08-12T20:18:21+00:00","og_image":[{"width":1200,"height":630,"url":"https:\/\/tecnomedical.com.br\/wp-content\/uploads\/2025\/08\/tecnomedical_featured-image.png","type":"image\/png"}],"twitter_card":"summary_large_image","schema":{"@context":"https:\/\/schema.org","@graph":[{"@type":"WebPage","@id":"https:\/\/tecnomedical.com.br\/?page_id=285","url":"https:\/\/tecnomedical.com.br\/?page_id=285","name":"Produtos | Tecnomedical","isPartOf":{"@id":"https:\/\/tecnomedical.com.br\/#website"},"datePublished":"2025-04-21T20:20:43+00:00","dateModified":"2025-08-12T20:18:21+00:00","description":"Produtos das melhores marcas e de alta tecnologia, oferecidos \u00e0 institui\u00e7\u00f5es e profissionais de sa\u00fade. Confira os cat\u00e1logos.","breadcrumb":{"@id":"https:\/\/tecnomedical.com.br\/?page_id=285#breadcrumb"},"inLanguage":"pt-BR","potentialAction":[{"@type":"ReadAction","target":["https:\/\/tecnomedical.com.br\/?page_id=285"]}]},{"@type":"BreadcrumbList","@id":"https:\/\/tecnomedical.com.br\/?page_id=285#breadcrumb","itemListElement":[{"@type":"ListItem","position":1,"name":"In\u00edcio","item":"https:\/\/tecnomedical.com.br\/"},{"@type":"ListItem","position":2,"name":"Produtos"}]},{"@type":"WebSite","@id":"https:\/\/tecnomedical.com.br\/#website","url":"https:\/\/tecnomedical.com.br\/","name":"Tecnomedical","description":"","publisher":{"@id":"https:\/\/tecnomedical.com.br\/#organization"},"potentialAction":[{"@type":"SearchAction","target":{"@type":"EntryPoint","urlTemplate":"https:\/\/tecnomedical.com.br\/?s={search_term_string}"},"query-input":{"@type":"PropertyValueSpecification","valueRequired":true,"valueName":"search_term_string"}}],"inLanguage":"pt-BR"},{"@type":"Organization","@id":"https:\/\/tecnomedical.com.br\/#organization","name":"Tecnomedical","url":"https:\/\/tecnomedical.com.br\/","logo":{"@type":"ImageObject","inLanguage":"pt-BR","@id":"https:\/\/tecnomedical.com.br\/#\/schema\/logo\/image\/","url":"https:\/\/tecnomedical.com.br\/wp-content\/uploads\/2025\/08\/tecnomedical_featured-image.png","contentUrl":"https:\/\/tecnomedical.com.br\/wp-content\/uploads\/2025\/08\/tecnomedical_featured-image.png","width":1200,"height":630,"caption":"Tecnomedical"},"image":{"@id":"https:\/\/tecnomedical.com.br\/#\/schema\/logo\/image\/"}}]}},"_links":{"self":[{"href":"https:\/\/tecnomedical.com.br\/index.php?rest_route=\/wp\/v2\/pages\/285","targetHints":{"allow":["GET"]}}],"collection":[{"href":"https:\/\/tecnomedical.com.br\/index.php?rest_route=\/wp\/v2\/pages"}],"about":[{"href":"https:\/\/tecnomedical.com.br\/index.php?rest_route=\/wp\/v2\/types\/page"}],"author":[{"embeddable":true,"href":"https:\/\/tecnomedical.com.br\/index.php?rest_route=\/wp\/v2\/users\/1"}],"replies":[{"embeddable":true,"href":"https:\/\/tecnomedical.com.br\/index.php?rest_route=%2Fwp%2Fv2%2Fcomments&post=285"}],"version-history":[{"count":40,"href":"https:\/\/tecnomedical.com.br\/index.php?rest_route=\/wp\/v2\/pages\/285\/revisions"}],"predecessor-version":[{"id":642,"href":"https:\/\/tecnomedical.com.br\/index.php?rest_route=\/wp\/v2\/pages\/285\/revisions\/642"}],"wp:attachment":[{"href":"https:\/\/tecnomedical.com.br\/index.php?rest_route=%2Fwp%2Fv2%2Fmedia&parent=285"}],"curies":[{"name":"wp","href":"https:\/\/api.w.org\/{rel}","templated":true}]}}